{"id":2273,"date":"2023-08-18T14:04:57","date_gmt":"2023-08-18T14:04:57","guid":{"rendered":"https:\/\/tulipanorestaurant.hu\/imprint\/"},"modified":"2023-10-09T01:13:45","modified_gmt":"2023-10-09T01:13:45","slug":"imprint","status":"publish","type":"page","link":"https:\/\/tulipanorestaurant.hu\/en\/imprint\/","title":{"rendered":"Imprint"},"content":{"rendered":"\t\t<div data-elementor-type=\"wp-page\" data-elementor-id=\"2273\" class=\"elementor elementor-2273 elementor-824\" data-elementor-post-type=\"page\">\n\t\t\t\t\t\t<section class=\"elementor-section elementor-top-section elementor-element elementor-element-51bc26d elementor-section-boxed elementor-section-height-default elementor-section-height-default\" data-id=\"51bc26d\" data-element_type=\"section\">\n\t\t\t\t\t\t<div class=\"elementor-container elementor-column-gap-default\">\n\t\t\t\t\t<div class=\"elementor-column elementor-col-100 elementor-top-column elementor-element elementor-element-0f8f9ae\" data-id=\"0f8f9ae\" data-element_type=\"column\">\n\t\t\t<div class=\"elementor-widget-wrap elementor-element-populated\">\n\t\t\t\t\t\t<div class=\"elementor-element elementor-element-840d640 elementor-widget elementor-widget-text-editor\" data-id=\"840d640\" data-element_type=\"widget\" data-widget_type=\"text-editor.default\">\n\t\t\t\t\t\t\t\t\t<h3 style=\"text-align: center;\">TULIPANO RESTAURANT<\/h3>\n<h3 style=\"text-align: center;\"> <\/h3>\n<p style=\"text-align: center;\"><strong>Company name<\/strong>: CIFRA HOME Kft.<br \/><strong>Phone:<\/strong> +36 20 525 5255<br \/><strong>E-mail<\/strong>: info@tulipanorestaurant.hu<br \/><strong>Headquarters:<\/strong> 6000 Kecskem\u00e9t, Tatay Andr\u00e1s utca 1. a. bu.<br \/><strong>Tax number:<\/strong> 26259936-2-03<br \/><strong>Company registration number:<\/strong> <span style=\"white-space: normal;\">03 09 131480<\/span><br \/><strong>Registering organization:<\/strong> F\u0151v\u00e1rosi T\u00f6rv\u00e9nysz\u00e9k C\u00e9gb\u00edr\u00f3s\u00e1ga<\/p>\n<p style=\"text-align: center;\"><strong>The website is operated by:<\/strong> Kov\u00e1cs Zolt\u00e1n e.v.<\/p>\n<p style=\"text-align: center;\"><strong>Data of the data processor:<br \/><\/strong><em style=\"margin: 0px; padding: 0px; border: none; outline: none; color: #565872; font-family: Rubik, sans-serif; font-size: 16px;\">Name:<\/em><span style=\"color: #565872; font-family: Rubik, sans-serif; font-size: 16px;\"> A2 Hosting, Inc.<\/span><br style=\"margin: 0px; padding: 0px; border: none; outline: none; color: #565872; font-family: Rubik, sans-serif; font-size: 16px;\"><em style=\"margin: 0px; padding: 0px; border: none; outline: none; color: #565872; font-family: Rubik, sans-serif; font-size: 16px;\">Headquarters:<\/em><span style=\"color: #565872; font-family: Rubik, sans-serif; font-size: 16px;\"> P.O. Box 2998, Ann Arbor, MI 48106<\/span><br style=\"margin: 0px; padding: 0px; border: none; outline: none; color: #565872; font-family: Rubik, sans-serif; font-size: 16px;\"><em style=\"margin: 0px; padding: 0px; border: none; outline: none; color: #565872; font-family: Rubik, sans-serif; font-size: 16px;\">Postal address:<\/em><span style=\"color: #565872; font-family: Rubik, sans-serif; font-size: 16px;\"> P.O. Box 2998<\/span><br style=\"margin: 0px; padding: 0px; border: none; outline: none; color: #565872; font-family: Rubik, sans-serif; font-size: 16px;\"><em style=\"margin: 0px; padding: 0px; border: none; outline: none; color: #565872; font-family: Rubik, sans-serif; font-size: 16px;\">Postal address<\/em><span style=\"color: #565872; font-family: Rubik, sans-serif; font-size: 16px;\">: +44 20 3769 05 31<\/span><br style=\"margin: 0px; padding: 0px; border: none; outline: none; color: #565872; font-family: Rubik, sans-serif; font-size: 16px;\"><em style=\"margin: 0px; padding: 0px; border: none; outline: none; color: #565872; font-family: Rubik, sans-serif; font-size: 16px;\">Email address:<\/em><span style=\"color: #565872; font-family: Rubik, sans-serif; font-size: 16px;\"> info@a2hosting.com<\/span><br style=\"margin: 0px; padding: 0px; border: none; outline: none; color: #565872; font-family: Rubik, sans-serif; font-size: 16px;\"><em style=\"margin: 0px; padding: 0px; border: none; outline: none; color: #565872; font-family: Rubik, sans-serif; font-size: 16px;\">Website: <\/em><span style=\"color: #565872; font-family: Rubik, sans-serif; font-size: 16px;\">https:\/\/a2hosting.com<\/span><\/p>\n\t\t\t\t\t\t\t\t<\/div>\n\t\t\t\t\t<\/div>\n\t\t<\/div>\n\t\t\t\t\t<\/div>\n\t\t<\/section>\n\t\t\t\t<\/div>\n\t\t","protected":false},"excerpt":{"rendered":"<p>TULIPANO RESTAURANT Company name: CIFRA HOME Kft.Phone: +36 20 525 5255E-mail: info@tulipanorestaurant.huHeadquarters: 6000 Kecskem\u00e9t, Tatay Andr\u00e1s utca 1. a. bu.Tax number: 26259936-2-03Company registration number: 03 09 131480Registering organization: F\u0151v\u00e1rosi T\u00f6rv\u00e9nysz\u00e9k C\u00e9gb\u00edr\u00f3s\u00e1ga The website is operated by: Kov\u00e1cs Zolt\u00e1n e.v. Data of the data processor:Name: A2 Hosting, Inc.Headquarters: P.O. Box 2998, Ann Arbor, MI 48106Postal address: [&hellip;]<\/p>\n","protected":false},"author":1,"featured_media":0,"parent":0,"menu_order":0,"comment_status":"closed","ping_status":"closed","template":"","meta":{"site-sidebar-layout":"no-sidebar","site-content-layout":"page-builder","ast-site-content-layout":"default","site-content-style":"default","site-sidebar-style":"default","ast-global-header-display":"","ast-banner-title-visibility":"","ast-main-header-display":"","ast-hfb-above-header-display":"","ast-hfb-below-header-display":"","ast-hfb-mobile-header-display":"","site-post-title":"disabled","ast-breadcrumbs-content":"","ast-featured-img":"disabled","footer-sml-layout":"","theme-transparent-header-meta":"default","adv-header-id-meta":"","stick-header-meta":"","header-above-stick-meta":"","header-main-stick-meta":"","header-below-stick-meta":"","astra-migrate-meta-layouts":"default","ast-page-background-enabled":"default","ast-page-background-meta":{"desktop":{"background-color":"var(--ast-global-color-4)","background-image":"","background-repeat":"repeat","background-position":"center center","background-size":"auto","background-attachment":"scroll","background-type":"","background-media":"","overlay-type":"","overlay-color":"","overlay-opacity":"","overlay-gradient":""},"tablet":{"background-color":"","background-image":"","background-repeat":"repeat","background-position":"center center","background-size":"auto","background-attachment":"scroll","background-type":"","background-media":"","overlay-type":"","overlay-color":"","overlay-opacity":"","overlay-gradient":""},"mobile":{"background-color":"","background-image":"","background-repeat":"repeat","background-position":"center center","background-size":"auto","background-attachment":"scroll","background-type":"","background-media":"","overlay-type":"","overlay-color":"","overlay-opacity":"","overlay-gradient":""}},"ast-content-background-meta":{"desktop":{"background-color":"var(--ast-global-color-5)","background-image":"","background-repeat":"repeat","background-position":"center center","background-size":"auto","background-attachment":"scroll","background-type":"","background-media":"","overlay-type":"","overlay-color":"","overlay-opacity":"","overlay-gradient":""},"tablet":{"background-color":"var(--ast-global-color-5)","background-image":"","background-repeat":"repeat","background-position":"center center","background-size":"auto","background-attachment":"scroll","background-type":"","background-media":"","overlay-type":"","overlay-color":"","overlay-opacity":"","overlay-gradient":""},"mobile":{"background-color":"var(--ast-global-color-5)","background-image":"","background-repeat":"repeat","background-position":"center center","background-size":"auto","background-attachment":"scroll","background-type":"","background-media":"","overlay-type":"","overlay-color":"","overlay-opacity":"","overlay-gradient":""}},"footnotes":""},"class_list":["post-2273","page","type-page","status-publish","hentry"],"yoast_head":"<!-- This site is optimized with the Yoast SEO Premium plugin v26.2 (Yoast SEO v26.5) - https:\/\/yoast.com\/wordpress\/plugins\/seo\/ -->\n<title>Imprint - Tulipano Restaurant<\/title>\n<meta name=\"robots\" content=\"index, follow, max-snippet:-1, max-image-preview:large, max-video-preview:-1\" \/>\n<link rel=\"canonical\" href=\"https:\/\/tulipanorestaurant.hu\/en\/imprint\/\" \/>\n<meta property=\"og:locale\" content=\"en_US\" \/>\n<meta property=\"og:type\" content=\"article\" \/>\n<meta property=\"og:title\" content=\"Imprint\" \/>\n<meta property=\"og:description\" content=\"N\u00e9pszer\u0171 belv\u00e1rosi \u00e9tterem Budapest sz\u00edv\u00e9ben, hagyom\u00e1nyos \u00e9s kedvelt trad\u00edcion\u00e1lis \u00e9telek, kellemes k\u00f6rnyezetben csup\u00e1n p\u00e1r perce a Magyar Parlament k\u00f6zel\u00e9ben.\" \/>\n<meta property=\"og:url\" content=\"https:\/\/tulipanorestaurant.hu\/en\/imprint\/\" \/>\n<meta property=\"og:site_name\" content=\"Tulipano Restaurant\" \/>\n<meta property=\"article:publisher\" content=\"https:\/\/www.facebook.com\/tulipanobudapest\" \/>\n<meta property=\"article:modified_time\" content=\"2023-10-09T01:13:45+00:00\" \/>\n<meta property=\"og:image\" content=\"https:\/\/tulipanorestaurant.hu\/wp-content\/uploads\/2023\/09\/nepszeru-magyaros-etterem-budapest-parlament-belvaros-downtown-restaurant-tulipano-hungarian-traditional-foods-2.jpg\" \/>\n\t<meta property=\"og:image:width\" content=\"2000\" \/>\n\t<meta property=\"og:image:height\" content=\"1335\" \/>\n\t<meta property=\"og:image:type\" content=\"image\/jpeg\" \/>\n<meta name=\"twitter:card\" content=\"summary_large_image\" \/>\n<script type=\"application\/ld+json\" class=\"yoast-schema-graph\">{\"@context\":\"https:\/\/schema.org\",\"@graph\":[{\"@type\":\"WebPage\",\"@id\":\"https:\/\/tulipanorestaurant.hu\/en\/imprint\/\",\"url\":\"https:\/\/tulipanorestaurant.hu\/en\/imprint\/\",\"name\":\"Imprint - Tulipano Restaurant\",\"isPartOf\":{\"@id\":\"https:\/\/tulipanorestaurant.hu\/en\/#website\"},\"datePublished\":\"2023-08-18T14:04:57+00:00\",\"dateModified\":\"2023-10-09T01:13:45+00:00\",\"breadcrumb\":{\"@id\":\"https:\/\/tulipanorestaurant.hu\/en\/imprint\/#breadcrumb\"},\"inLanguage\":\"en-US\",\"potentialAction\":[{\"@type\":\"ReadAction\",\"target\":[\"https:\/\/tulipanorestaurant.hu\/en\/imprint\/\"]}]},{\"@type\":\"BreadcrumbList\",\"@id\":\"https:\/\/tulipanorestaurant.hu\/en\/imprint\/#breadcrumb\",\"itemListElement\":[{\"@type\":\"ListItem\",\"position\":1,\"name\":\"Kezd\u0151lap\",\"item\":\"https:\/\/tulipanorestaurant.hu\/en\/\"},{\"@type\":\"ListItem\",\"position\":2,\"name\":\"Imprint\"}]},{\"@type\":\"WebSite\",\"@id\":\"https:\/\/tulipanorestaurant.hu\/en\/#website\",\"url\":\"https:\/\/tulipanorestaurant.hu\/en\/\",\"name\":\"Tulipano Restaurant\",\"description\":\"Magyaros Belv\u00e1rosi \u00c9tterem - a Magyar Parlamentn\u00e9l\",\"publisher\":{\"@id\":\"https:\/\/tulipanorestaurant.hu\/en\/#organization\"},\"potentialAction\":[{\"@type\":\"SearchAction\",\"target\":{\"@type\":\"EntryPoint\",\"urlTemplate\":\"https:\/\/tulipanorestaurant.hu\/en\/?s={search_term_string}\"},\"query-input\":{\"@type\":\"PropertyValueSpecification\",\"valueRequired\":true,\"valueName\":\"search_term_string\"}}],\"inLanguage\":\"en-US\"},{\"@type\":\"Organization\",\"@id\":\"https:\/\/tulipanorestaurant.hu\/en\/#organization\",\"name\":\"Tulipano Restaurant\",\"url\":\"https:\/\/tulipanorestaurant.hu\/en\/\",\"logo\":{\"@type\":\"ImageObject\",\"inLanguage\":\"en-US\",\"@id\":\"https:\/\/tulipanorestaurant.hu\/en\/#\/schema\/logo\/image\/\",\"url\":\"https:\/\/tulipanorestaurant.hu\/wp-content\/uploads\/2023\/09\/cropped-nepszeru-budapest-magyaros-etterem-parlament-tulipano-restaurant-hungarian-gulash-downtown-lunch-dinner-family-logo-gold.png\",\"contentUrl\":\"https:\/\/tulipanorestaurant.hu\/wp-content\/uploads\/2023\/09\/cropped-nepszeru-budapest-magyaros-etterem-parlament-tulipano-restaurant-hungarian-gulash-downtown-lunch-dinner-family-logo-gold.png\",\"width\":668,\"height\":602,\"caption\":\"Tulipano Restaurant\"},\"image\":{\"@id\":\"https:\/\/tulipanorestaurant.hu\/en\/#\/schema\/logo\/image\/\"},\"sameAs\":[\"https:\/\/www.facebook.com\/tulipanobudapest\",\"https:\/\/www.instagram.com\/tulipanorestaurantbudapest\/\",\"https:\/\/www.tripadvisor.com\/Restaurant_Review-g274887-d18928528-Reviews-Tulipano-Budapest_Central_Hungary.html\"]}]}<\/script>\n<!-- \/ Yoast SEO Premium plugin. -->","yoast_head_json":{"title":"Imprint - Tulipano Restaurant","robots":{"index":"index","follow":"follow","max-snippet":"max-snippet:-1","max-image-preview":"max-image-preview:large","max-video-preview":"max-video-preview:-1"},"canonical":"https:\/\/tulipanorestaurant.hu\/en\/imprint\/","og_locale":"en_US","og_type":"article","og_title":"Imprint","og_description":"N\u00e9pszer\u0171 belv\u00e1rosi \u00e9tterem Budapest sz\u00edv\u00e9ben, hagyom\u00e1nyos \u00e9s kedvelt trad\u00edcion\u00e1lis \u00e9telek, kellemes k\u00f6rnyezetben csup\u00e1n p\u00e1r perce a Magyar Parlament k\u00f6zel\u00e9ben.","og_url":"https:\/\/tulipanorestaurant.hu\/en\/imprint\/","og_site_name":"Tulipano Restaurant","article_publisher":"https:\/\/www.facebook.com\/tulipanobudapest","article_modified_time":"2023-10-09T01:13:45+00:00","og_image":[{"width":2000,"height":1335,"url":"https:\/\/tulipanorestaurant.hu\/wp-content\/uploads\/2023\/09\/nepszeru-magyaros-etterem-budapest-parlament-belvaros-downtown-restaurant-tulipano-hungarian-traditional-foods-2.jpg","type":"image\/jpeg"}],"twitter_card":"summary_large_image","schema":{"@context":"https:\/\/schema.org","@graph":[{"@type":"WebPage","@id":"https:\/\/tulipanorestaurant.hu\/en\/imprint\/","url":"https:\/\/tulipanorestaurant.hu\/en\/imprint\/","name":"Imprint - Tulipano Restaurant","isPartOf":{"@id":"https:\/\/tulipanorestaurant.hu\/en\/#website"},"datePublished":"2023-08-18T14:04:57+00:00","dateModified":"2023-10-09T01:13:45+00:00","breadcrumb":{"@id":"https:\/\/tulipanorestaurant.hu\/en\/imprint\/#breadcrumb"},"inLanguage":"en-US","potentialAction":[{"@type":"ReadAction","target":["https:\/\/tulipanorestaurant.hu\/en\/imprint\/"]}]},{"@type":"BreadcrumbList","@id":"https:\/\/tulipanorestaurant.hu\/en\/imprint\/#breadcrumb","itemListElement":[{"@type":"ListItem","position":1,"name":"Kezd\u0151lap","item":"https:\/\/tulipanorestaurant.hu\/en\/"},{"@type":"ListItem","position":2,"name":"Imprint"}]},{"@type":"WebSite","@id":"https:\/\/tulipanorestaurant.hu\/en\/#website","url":"https:\/\/tulipanorestaurant.hu\/en\/","name":"Tulipano Restaurant","description":"Magyaros Belv\u00e1rosi \u00c9tterem - a Magyar Parlamentn\u00e9l","publisher":{"@id":"https:\/\/tulipanorestaurant.hu\/en\/#organization"},"potentialAction":[{"@type":"SearchAction","target":{"@type":"EntryPoint","urlTemplate":"https:\/\/tulipanorestaurant.hu\/en\/?s={search_term_string}"},"query-input":{"@type":"PropertyValueSpecification","valueRequired":true,"valueName":"search_term_string"}}],"inLanguage":"en-US"},{"@type":"Organization","@id":"https:\/\/tulipanorestaurant.hu\/en\/#organization","name":"Tulipano Restaurant","url":"https:\/\/tulipanorestaurant.hu\/en\/","logo":{"@type":"ImageObject","inLanguage":"en-US","@id":"https:\/\/tulipanorestaurant.hu\/en\/#\/schema\/logo\/image\/","url":"https:\/\/tulipanorestaurant.hu\/wp-content\/uploads\/2023\/09\/cropped-nepszeru-budapest-magyaros-etterem-parlament-tulipano-restaurant-hungarian-gulash-downtown-lunch-dinner-family-logo-gold.png","contentUrl":"https:\/\/tulipanorestaurant.hu\/wp-content\/uploads\/2023\/09\/cropped-nepszeru-budapest-magyaros-etterem-parlament-tulipano-restaurant-hungarian-gulash-downtown-lunch-dinner-family-logo-gold.png","width":668,"height":602,"caption":"Tulipano Restaurant"},"image":{"@id":"https:\/\/tulipanorestaurant.hu\/en\/#\/schema\/logo\/image\/"},"sameAs":["https:\/\/www.facebook.com\/tulipanobudapest","https:\/\/www.instagram.com\/tulipanorestaurantbudapest\/","https:\/\/www.tripadvisor.com\/Restaurant_Review-g274887-d18928528-Reviews-Tulipano-Budapest_Central_Hungary.html"]}]}},"_links":{"self":[{"href":"https:\/\/tulipanorestaurant.hu\/en\/wp-json\/wp\/v2\/pages\/2273","targetHints":{"allow":["GET"]}}],"collection":[{"href":"https:\/\/tulipanorestaurant.hu\/en\/wp-json\/wp\/v2\/pages"}],"about":[{"href":"https:\/\/tulipanorestaurant.hu\/en\/wp-json\/wp\/v2\/types\/page"}],"author":[{"embeddable":true,"href":"https:\/\/tulipanorestaurant.hu\/en\/wp-json\/wp\/v2\/users\/1"}],"replies":[{"embeddable":true,"href":"https:\/\/tulipanorestaurant.hu\/en\/wp-json\/wp\/v2\/comments?post=2273"}],"version-history":[{"count":0,"href":"https:\/\/tulipanorestaurant.hu\/en\/wp-json\/wp\/v2\/pages\/2273\/revisions"}],"wp:attachment":[{"href":"https:\/\/tulipanorestaurant.hu\/en\/wp-json\/wp\/v2\/media?parent=2273"}],"curies":[{"name":"wp","href":"https:\/\/api.w.org\/{rel}","templated":true}]}}