{"id":3806,"date":"2023-08-18T14:04:57","date_gmt":"2023-08-18T14:04:57","guid":{"rendered":"https:\/\/tulipanorestaurant.hu\/impresszum-2\/"},"modified":"2024-04-19T10:27:50","modified_gmt":"2024-04-19T10:27:50","slug":"impresszum-2","status":"publish","type":"page","link":"https:\/\/tulipanorestaurant.hu\/es\/impresszum-2\/","title":{"rendered":"Impresszum"},"content":{"rendered":"\t\t<div data-elementor-type=\"wp-page\" data-elementor-id=\"3806\" class=\"elementor elementor-3806 elementor-824\" data-elementor-post-type=\"page\">\n\t\t\t\t\t\t<section class=\"elementor-section elementor-top-section elementor-element elementor-element-51bc26d elementor-section-boxed elementor-section-height-default elementor-section-height-default\" data-id=\"51bc26d\" data-element_type=\"section\">\n\t\t\t\t\t\t<div class=\"elementor-container elementor-column-gap-default\">\n\t\t\t\t\t<div class=\"elementor-column elementor-col-100 elementor-top-column elementor-element elementor-element-0f8f9ae\" data-id=\"0f8f9ae\" data-element_type=\"column\">\n\t\t\t<div class=\"elementor-widget-wrap elementor-element-populated\">\n\t\t\t\t\t\t<div class=\"elementor-element elementor-element-840d640 elementor-widget elementor-widget-text-editor\" data-id=\"840d640\" data-element_type=\"widget\" data-widget_type=\"text-editor.default\">\n\t\t\t\t\t\t\t\t\t<h3 style=\"text-align: center;\">TULIPANO RESTAURANT<\/h3>\n<h3 style=\"text-align: center;\"> <\/h3>\n<p style=\"text-align: center;\"><strong>C\u00e9gn\u00e9v<\/strong>: CIFRA HOME Kft.<br \/><strong>Telefon:<\/strong> +36 20 525 5255<br \/><strong>E-mail<\/strong>: info@tulipanorestaurant.hu<br \/><strong>Sz\u00e9khely:<\/strong> 6000 Kecskem\u00e9t, Tatay Andr\u00e1s utca 1. a. \u00e9p.<br \/><strong>Ad\u00f3sz\u00e1m:<\/strong> 26259936-2-03<br \/><strong>C\u00e9gjegyz\u00e9ksz\u00e1m:<\/strong> <span style=\"white-space: normal;\">03 09 131480<\/span><br \/><strong>Nyilv\u00e1ntart\u00e1sba vev\u0151 szerv:<\/strong> F\u0151v\u00e1rosi T\u00f6rv\u00e9nysz\u00e9k C\u00e9gb\u00edr\u00f3s\u00e1ga<\/p>\n<p style=\"text-align: center;\"><strong>A weboldalt \u00fczemelteti:<\/strong> Kov\u00e1cs Zolt\u00e1n e.v.<\/p>\n<p style=\"text-align: center;\"><strong>Az adatfeldolgoz\u00f3 adatai:<br \/><\/strong><em style=\"margin: 0px; padding: 0px; border: none; outline: none; color: #565872; font-family: Rubik, sans-serif; font-size: 16px;\">N\u00e9v:<\/em><span style=\"color: #565872; font-family: Rubik, sans-serif; font-size: 16px;\"> A2 Hosting, Inc.<\/span><br style=\"margin: 0px; padding: 0px; border: none; outline: none; color: #565872; font-family: Rubik, sans-serif; font-size: 16px;\"><em style=\"margin: 0px; padding: 0px; border: none; outline: none; color: #565872; font-family: Rubik, sans-serif; font-size: 16px;\">Sz\u00e9khely:<\/em><span style=\"color: #565872; font-family: Rubik, sans-serif; font-size: 16px;\"> P.O. Box 2998, Ann Arbor, MI 48106<\/span><br style=\"margin: 0px; padding: 0px; border: none; outline: none; color: #565872; font-family: Rubik, sans-serif; font-size: 16px;\"><em style=\"margin: 0px; padding: 0px; border: none; outline: none; color: #565872; font-family: Rubik, sans-serif; font-size: 16px;\">Postai c\u00edm:<\/em><span style=\"color: #565872; font-family: Rubik, sans-serif; font-size: 16px;\"> P.O. Box 2998<\/span><br style=\"margin: 0px; padding: 0px; border: none; outline: none; color: #565872; font-family: Rubik, sans-serif; font-size: 16px;\"><em style=\"margin: 0px; padding: 0px; border: none; outline: none; color: #565872; font-family: Rubik, sans-serif; font-size: 16px;\">Telefonsz\u00e1m<\/em><span style=\"color: #565872; font-family: Rubik, sans-serif; font-size: 16px;\">: +44 20 3769 05 31<\/span><br style=\"margin: 0px; padding: 0px; border: none; outline: none; color: #565872; font-family: Rubik, sans-serif; font-size: 16px;\"><em style=\"margin: 0px; padding: 0px; border: none; outline: none; color: #565872; font-family: Rubik, sans-serif; font-size: 16px;\">E-mail c\u00edm:<\/em><span style=\"color: #565872; font-family: Rubik, sans-serif; font-size: 16px;\"> info@a2hosting.com<\/span><br style=\"margin: 0px; padding: 0px; border: none; outline: none; color: #565872; font-family: Rubik, sans-serif; font-size: 16px;\"><em style=\"margin: 0px; padding: 0px; border: none; outline: none; color: #565872; font-family: Rubik, sans-serif; font-size: 16px;\">Weboldal: <\/em><span style=\"color: #565872; font-family: Rubik, sans-serif; font-size: 16px;\">https:\/\/a2hosting.com<\/span><\/p>\n\t\t\t\t\t\t\t\t<\/div>\n\t\t\t\t\t<\/div>\n\t\t<\/div>\n\t\t\t\t\t<\/div>\n\t\t<\/section>\n\t\t\t\t<\/div>\n\t\t","protected":false},"excerpt":{"rendered":"<p>TULIPANO RESTAURANT C\u00e9gn\u00e9v: CIFRA HOME Kft.Telefon: +36 20 525 5255E-mail: info@tulipanorestaurant.huSz\u00e9khely: 6000 Kecskem\u00e9t, Tatay Andr\u00e1s utca 1. a. \u00e9p.Ad\u00f3sz\u00e1m: 26259936-2-03C\u00e9gjegyz\u00e9ksz\u00e1m: 03 09 131480Nyilv\u00e1ntart\u00e1sba vev\u0151 szerv: F\u0151v\u00e1rosi T\u00f6rv\u00e9nysz\u00e9k C\u00e9gb\u00edr\u00f3s\u00e1ga A weboldalt \u00fczemelteti: Kov\u00e1cs Zolt\u00e1n e.v. Az adatfeldolgoz\u00f3 adatai:N\u00e9v: A2 Hosting, Inc.Sz\u00e9khely: P.O. Box 2998, Ann Arbor, MI 48106Postai c\u00edm: P.O. Box 2998Telefonsz\u00e1m: +44 20 3769 05 [&hellip;]<\/p>\n","protected":false},"author":1,"featured_media":0,"parent":0,"menu_order":0,"comment_status":"closed","ping_status":"closed","template":"","meta":{"site-sidebar-layout":"no-sidebar","site-content-layout":"page-builder","ast-site-content-layout":"default","site-content-style":"default","site-sidebar-style":"default","ast-global-header-display":"","ast-banner-title-visibility":"","ast-main-header-display":"","ast-hfb-above-header-display":"","ast-hfb-below-header-display":"","ast-hfb-mobile-header-display":"","site-post-title":"disabled","ast-breadcrumbs-content":"","ast-featured-img":"disabled","footer-sml-layout":"","theme-transparent-header-meta":"default","adv-header-id-meta":"","stick-header-meta":"","header-above-stick-meta":"","header-main-stick-meta":"","header-below-stick-meta":"","astra-migrate-meta-layouts":"default","ast-page-background-enabled":"default","ast-page-background-meta":{"desktop":{"background-color":"var(--ast-global-color-4)","background-image":"","background-repeat":"repeat","background-position":"center center","background-size":"auto","background-attachment":"scroll","background-type":"","background-media":"","overlay-type":"","overlay-color":"","overlay-opacity":"","overlay-gradient":""},"tablet":{"background-color":"","background-image":"","background-repeat":"repeat","background-position":"center center","background-size":"auto","background-attachment":"scroll","background-type":"","background-media":"","overlay-type":"","overlay-color":"","overlay-opacity":"","overlay-gradient":""},"mobile":{"background-color":"","background-image":"","background-repeat":"repeat","background-position":"center center","background-size":"auto","background-attachment":"scroll","background-type":"","background-media":"","overlay-type":"","overlay-color":"","overlay-opacity":"","overlay-gradient":""}},"ast-content-background-meta":{"desktop":{"background-color":"var(--ast-global-color-5)","background-image":"","background-repeat":"repeat","background-position":"center center","background-size":"auto","background-attachment":"scroll","background-type":"","background-media":"","overlay-type":"","overlay-color":"","overlay-opacity":"","overlay-gradient":""},"tablet":{"background-color":"var(--ast-global-color-5)","background-image":"","background-repeat":"repeat","background-position":"center center","background-size":"auto","background-attachment":"scroll","background-type":"","background-media":"","overlay-type":"","overlay-color":"","overlay-opacity":"","overlay-gradient":""},"mobile":{"background-color":"var(--ast-global-color-5)","background-image":"","background-repeat":"repeat","background-position":"center center","background-size":"auto","background-attachment":"scroll","background-type":"","background-media":"","overlay-type":"","overlay-color":"","overlay-opacity":"","overlay-gradient":""}},"footnotes":""},"class_list":["post-3806","page","type-page","status-publish","hentry"],"yoast_head":"<!-- This site is optimized with the Yoast SEO Premium plugin v26.2 (Yoast SEO v26.5) - https:\/\/yoast.com\/wordpress\/plugins\/seo\/ -->\n<title>Impresszum - Tulipano Restaurant<\/title>\n<meta name=\"robots\" content=\"index, follow, max-snippet:-1, max-image-preview:large, max-video-preview:-1\" \/>\n<link rel=\"canonical\" href=\"https:\/\/tulipanorestaurant.hu\/es\/impresszum-2\/\" \/>\n<meta property=\"og:locale\" content=\"es_ES\" \/>\n<meta property=\"og:type\" content=\"article\" \/>\n<meta property=\"og:title\" content=\"Impresszum\" \/>\n<meta property=\"og:description\" content=\"N\u00e9pszer\u0171 belv\u00e1rosi \u00e9tterem Budapest sz\u00edv\u00e9ben, hagyom\u00e1nyos \u00e9s kedvelt trad\u00edcion\u00e1lis \u00e9telek, kellemes k\u00f6rnyezetben csup\u00e1n p\u00e1r perce a Magyar Parlament k\u00f6zel\u00e9ben.\" \/>\n<meta property=\"og:url\" content=\"https:\/\/tulipanorestaurant.hu\/es\/impresszum-2\/\" \/>\n<meta property=\"og:site_name\" content=\"Tulipano Restaurant\" \/>\n<meta property=\"article:publisher\" content=\"https:\/\/www.facebook.com\/tulipanobudapest\" \/>\n<meta property=\"article:modified_time\" content=\"2024-04-19T10:27:50+00:00\" \/>\n<meta property=\"og:image\" content=\"https:\/\/tulipanorestaurant.hu\/wp-content\/uploads\/2023\/09\/nepszeru-magyaros-etterem-budapest-parlament-belvaros-downtown-restaurant-tulipano-hungarian-traditional-foods-2.jpg\" \/>\n\t<meta property=\"og:image:width\" content=\"2000\" \/>\n\t<meta property=\"og:image:height\" content=\"1335\" \/>\n\t<meta property=\"og:image:type\" content=\"image\/jpeg\" \/>\n<meta name=\"twitter:card\" content=\"summary_large_image\" \/>\n<script type=\"application\/ld+json\" class=\"yoast-schema-graph\">{\"@context\":\"https:\/\/schema.org\",\"@graph\":[{\"@type\":\"WebPage\",\"@id\":\"https:\/\/tulipanorestaurant.hu\/es\/impresszum-2\/\",\"url\":\"https:\/\/tulipanorestaurant.hu\/es\/impresszum-2\/\",\"name\":\"Impresszum - Tulipano Restaurant\",\"isPartOf\":{\"@id\":\"https:\/\/tulipanorestaurant.hu\/es\/#website\"},\"datePublished\":\"2023-08-18T14:04:57+00:00\",\"dateModified\":\"2024-04-19T10:27:50+00:00\",\"breadcrumb\":{\"@id\":\"https:\/\/tulipanorestaurant.hu\/es\/impresszum-2\/#breadcrumb\"},\"inLanguage\":\"es\",\"potentialAction\":[{\"@type\":\"ReadAction\",\"target\":[\"https:\/\/tulipanorestaurant.hu\/es\/impresszum-2\/\"]}]},{\"@type\":\"BreadcrumbList\",\"@id\":\"https:\/\/tulipanorestaurant.hu\/es\/impresszum-2\/#breadcrumb\",\"itemListElement\":[{\"@type\":\"ListItem\",\"position\":1,\"name\":\"Kezd\u0151lap\",\"item\":\"https:\/\/tulipanorestaurant.hu\/es\/\"},{\"@type\":\"ListItem\",\"position\":2,\"name\":\"Impresszum\"}]},{\"@type\":\"WebSite\",\"@id\":\"https:\/\/tulipanorestaurant.hu\/es\/#website\",\"url\":\"https:\/\/tulipanorestaurant.hu\/es\/\",\"name\":\"Tulipano Restaurant\",\"description\":\"Magyaros Belv\u00e1rosi \u00c9tterem - a Magyar Parlamentn\u00e9l\",\"publisher\":{\"@id\":\"https:\/\/tulipanorestaurant.hu\/es\/#organization\"},\"potentialAction\":[{\"@type\":\"SearchAction\",\"target\":{\"@type\":\"EntryPoint\",\"urlTemplate\":\"https:\/\/tulipanorestaurant.hu\/es\/?s={search_term_string}\"},\"query-input\":{\"@type\":\"PropertyValueSpecification\",\"valueRequired\":true,\"valueName\":\"search_term_string\"}}],\"inLanguage\":\"es\"},{\"@type\":\"Organization\",\"@id\":\"https:\/\/tulipanorestaurant.hu\/es\/#organization\",\"name\":\"Tulipano Restaurant\",\"url\":\"https:\/\/tulipanorestaurant.hu\/es\/\",\"logo\":{\"@type\":\"ImageObject\",\"inLanguage\":\"es\",\"@id\":\"https:\/\/tulipanorestaurant.hu\/es\/#\/schema\/logo\/image\/\",\"url\":\"https:\/\/tulipanorestaurant.hu\/wp-content\/uploads\/2023\/09\/cropped-nepszeru-budapest-magyaros-etterem-parlament-tulipano-restaurant-hungarian-gulash-downtown-lunch-dinner-family-logo-gold.png\",\"contentUrl\":\"https:\/\/tulipanorestaurant.hu\/wp-content\/uploads\/2023\/09\/cropped-nepszeru-budapest-magyaros-etterem-parlament-tulipano-restaurant-hungarian-gulash-downtown-lunch-dinner-family-logo-gold.png\",\"width\":668,\"height\":602,\"caption\":\"Tulipano Restaurant\"},\"image\":{\"@id\":\"https:\/\/tulipanorestaurant.hu\/es\/#\/schema\/logo\/image\/\"},\"sameAs\":[\"https:\/\/www.facebook.com\/tulipanobudapest\",\"https:\/\/www.instagram.com\/tulipanorestaurantbudapest\/\",\"https:\/\/www.tripadvisor.com\/Restaurant_Review-g274887-d18928528-Reviews-Tulipano-Budapest_Central_Hungary.html\"]}]}<\/script>\n<!-- \/ Yoast SEO Premium plugin. -->","yoast_head_json":{"title":"Impresszum - Tulipano Restaurant","robots":{"index":"index","follow":"follow","max-snippet":"max-snippet:-1","max-image-preview":"max-image-preview:large","max-video-preview":"max-video-preview:-1"},"canonical":"https:\/\/tulipanorestaurant.hu\/es\/impresszum-2\/","og_locale":"es_ES","og_type":"article","og_title":"Impresszum","og_description":"N\u00e9pszer\u0171 belv\u00e1rosi \u00e9tterem Budapest sz\u00edv\u00e9ben, hagyom\u00e1nyos \u00e9s kedvelt trad\u00edcion\u00e1lis \u00e9telek, kellemes k\u00f6rnyezetben csup\u00e1n p\u00e1r perce a Magyar Parlament k\u00f6zel\u00e9ben.","og_url":"https:\/\/tulipanorestaurant.hu\/es\/impresszum-2\/","og_site_name":"Tulipano Restaurant","article_publisher":"https:\/\/www.facebook.com\/tulipanobudapest","article_modified_time":"2024-04-19T10:27:50+00:00","og_image":[{"width":2000,"height":1335,"url":"https:\/\/tulipanorestaurant.hu\/wp-content\/uploads\/2023\/09\/nepszeru-magyaros-etterem-budapest-parlament-belvaros-downtown-restaurant-tulipano-hungarian-traditional-foods-2.jpg","type":"image\/jpeg"}],"twitter_card":"summary_large_image","schema":{"@context":"https:\/\/schema.org","@graph":[{"@type":"WebPage","@id":"https:\/\/tulipanorestaurant.hu\/es\/impresszum-2\/","url":"https:\/\/tulipanorestaurant.hu\/es\/impresszum-2\/","name":"Impresszum - Tulipano Restaurant","isPartOf":{"@id":"https:\/\/tulipanorestaurant.hu\/es\/#website"},"datePublished":"2023-08-18T14:04:57+00:00","dateModified":"2024-04-19T10:27:50+00:00","breadcrumb":{"@id":"https:\/\/tulipanorestaurant.hu\/es\/impresszum-2\/#breadcrumb"},"inLanguage":"es","potentialAction":[{"@type":"ReadAction","target":["https:\/\/tulipanorestaurant.hu\/es\/impresszum-2\/"]}]},{"@type":"BreadcrumbList","@id":"https:\/\/tulipanorestaurant.hu\/es\/impresszum-2\/#breadcrumb","itemListElement":[{"@type":"ListItem","position":1,"name":"Kezd\u0151lap","item":"https:\/\/tulipanorestaurant.hu\/es\/"},{"@type":"ListItem","position":2,"name":"Impresszum"}]},{"@type":"WebSite","@id":"https:\/\/tulipanorestaurant.hu\/es\/#website","url":"https:\/\/tulipanorestaurant.hu\/es\/","name":"Tulipano Restaurant","description":"Magyaros Belv\u00e1rosi \u00c9tterem - a Magyar Parlamentn\u00e9l","publisher":{"@id":"https:\/\/tulipanorestaurant.hu\/es\/#organization"},"potentialAction":[{"@type":"SearchAction","target":{"@type":"EntryPoint","urlTemplate":"https:\/\/tulipanorestaurant.hu\/es\/?s={search_term_string}"},"query-input":{"@type":"PropertyValueSpecification","valueRequired":true,"valueName":"search_term_string"}}],"inLanguage":"es"},{"@type":"Organization","@id":"https:\/\/tulipanorestaurant.hu\/es\/#organization","name":"Tulipano Restaurant","url":"https:\/\/tulipanorestaurant.hu\/es\/","logo":{"@type":"ImageObject","inLanguage":"es","@id":"https:\/\/tulipanorestaurant.hu\/es\/#\/schema\/logo\/image\/","url":"https:\/\/tulipanorestaurant.hu\/wp-content\/uploads\/2023\/09\/cropped-nepszeru-budapest-magyaros-etterem-parlament-tulipano-restaurant-hungarian-gulash-downtown-lunch-dinner-family-logo-gold.png","contentUrl":"https:\/\/tulipanorestaurant.hu\/wp-content\/uploads\/2023\/09\/cropped-nepszeru-budapest-magyaros-etterem-parlament-tulipano-restaurant-hungarian-gulash-downtown-lunch-dinner-family-logo-gold.png","width":668,"height":602,"caption":"Tulipano Restaurant"},"image":{"@id":"https:\/\/tulipanorestaurant.hu\/es\/#\/schema\/logo\/image\/"},"sameAs":["https:\/\/www.facebook.com\/tulipanobudapest","https:\/\/www.instagram.com\/tulipanorestaurantbudapest\/","https:\/\/www.tripadvisor.com\/Restaurant_Review-g274887-d18928528-Reviews-Tulipano-Budapest_Central_Hungary.html"]}]}},"_links":{"self":[{"href":"https:\/\/tulipanorestaurant.hu\/es\/wp-json\/wp\/v2\/pages\/3806","targetHints":{"allow":["GET"]}}],"collection":[{"href":"https:\/\/tulipanorestaurant.hu\/es\/wp-json\/wp\/v2\/pages"}],"about":[{"href":"https:\/\/tulipanorestaurant.hu\/es\/wp-json\/wp\/v2\/types\/page"}],"author":[{"embeddable":true,"href":"https:\/\/tulipanorestaurant.hu\/es\/wp-json\/wp\/v2\/users\/1"}],"replies":[{"embeddable":true,"href":"https:\/\/tulipanorestaurant.hu\/es\/wp-json\/wp\/v2\/comments?post=3806"}],"version-history":[{"count":0,"href":"https:\/\/tulipanorestaurant.hu\/es\/wp-json\/wp\/v2\/pages\/3806\/revisions"}],"wp:attachment":[{"href":"https:\/\/tulipanorestaurant.hu\/es\/wp-json\/wp\/v2\/media?parent=3806"}],"curies":[{"name":"wp","href":"https:\/\/api.w.org\/{rel}","templated":true}]}}